{"id":1650,"date":"2023-05-04T13:20:23","date_gmt":"2023-05-04T11:20:23","guid":{"rendered":"https:\/\/bravamadrid.kinsta.cloud\/line-up\/"},"modified":"2024-01-16T17:31:04","modified_gmt":"2024-01-16T16:31:04","slug":"line-up","status":"publish","type":"page","link":"https:\/\/bravamadrid.com\/en\/line-up\/","title":{"rendered":"Line Up"},"content":{"rendered":"\t\t<div data-elementor-type=\"wp-page\" data-elementor-id=\"1650\" class=\"elementor elementor-1650\" data-elementor-post-type=\"page\">\n\t\t\t\t<div class=\"elementor-element elementor-element-b453be1 e-flex e-con-boxed e-con e-parent\" data-id=\"b453be1\" data-element_type=\"container\" data-e-type=\"container\">\n\t\t\t\t\t<div class=\"e-con-inner\">\n\t\t\t\t<div class=\"elementor-element elementor-element-a9aa4d8 elementor-widget-mobile__width-inherit elementor-widget elementor-widget-gallery\" data-id=\"a9aa4d8\" data-element_type=\"widget\" data-e-type=\"widget\" data-settings=\"{&quot;gap&quot;:{&quot;unit&quot;:&quot;px&quot;,&quot;size&quot;:0,&quot;sizes&quot;:[]},&quot;aspect_ratio&quot;:&quot;1:1&quot;,&quot;overlay_title&quot;:&quot;caption&quot;,&quot;gap_mobile&quot;:{&quot;unit&quot;:&quot;px&quot;,&quot;size&quot;:0,&quot;sizes&quot;:[]},&quot;columns_tablet&quot;:4,&quot;gap_tablet&quot;:{&quot;unit&quot;:&quot;px&quot;,&quot;size&quot;:0,&quot;sizes&quot;:[]},&quot;lazyload&quot;:&quot;yes&quot;,&quot;gallery_layout&quot;:&quot;grid&quot;,&quot;columns&quot;:4,&quot;columns_mobile&quot;:1,&quot;content_hover_animation&quot;:&quot;fade-in&quot;}\" data-widget_type=\"gallery.default\">\n\t\t\t\t<div class=\"elementor-widget-container\">\n\t\t\t\t\t\t\t<div class=\"elementor-gallery__container\">\n\t\t\t\t\t<\/div>\n\t\t\t\t\t<\/div>\n\t\t\t\t<\/div>\n\t\t\t\t\t<\/div>\n\t\t\t\t<\/div>\n\t\t\t\t<\/div>\n\t\t","protected":false},"excerpt":{"rendered":"<p>MIKA SUGABABES MELANIE C SHANGELA LOREEN NATASHA BEDINGFIELD LOLAHOL OJETE CALOR BEL\u00c9N AGUILERA BRESH SAMANTHA HUDSON LADILLA RUSA LUNA KI SAMURA\u00cf JIMENA AMARILLO VICCO MAR\u00cdA ESCARMIENTO MARTA SANGO FUSA NOCTA SOFIA MART\u00cdN SUPREMME DE LUXE LA PROHIBIDA &#038; ALGORA YENESI VANIA VAINILLA NAWI FUTURACHICAPOP LUC LOREN IN\u00c9S HERNAND SURI ANA JULIETA LUCERAL BLONDEX CLAUDIA LEON [&hellip;]<\/p>\n","protected":false},"author":9,"featured_media":0,"parent":0,"menu_order":0,"comment_status":"closed","ping_status":"closed","template":"","meta":{"footnotes":""},"class_list":["post-1650","page","type-page","status-publish","hentry"],"yoast_head":"<!-- This site is optimized with the Yoast SEO plugin v27.3 - https:\/\/yoast.com\/product\/yoast-seo-wordpress\/ -->\n<title>Line Up - Brava Madrid<\/title>\n<meta name=\"robots\" content=\"index, follow, max-snippet:-1, max-image-preview:large, max-video-preview:-1\" \/>\n<link rel=\"canonical\" href=\"https:\/\/bravamadrid.com\/en\/line-up\/\" \/>\n<meta property=\"og:locale\" content=\"en_US\" \/>\n<meta property=\"og:type\" content=\"article\" \/>\n<meta property=\"og:title\" content=\"Line Up - Brava Madrid\" \/>\n<meta property=\"og:description\" content=\"MIKA SUGABABES MELANIE C SHANGELA LOREEN NATASHA BEDINGFIELD LOLAHOL OJETE CALOR BEL\u00c9N AGUILERA BRESH SAMANTHA HUDSON LADILLA RUSA LUNA KI SAMURA\u00cf JIMENA AMARILLO VICCO MAR\u00cdA ESCARMIENTO MARTA SANGO FUSA NOCTA SOFIA MART\u00cdN SUPREMME DE LUXE LA PROHIBIDA &#038; ALGORA YENESI VANIA VAINILLA NAWI FUTURACHICAPOP LUC LOREN IN\u00c9S HERNAND SURI ANA JULIETA LUCERAL BLONDEX CLAUDIA LEON [&hellip;]\" \/>\n<meta property=\"og:url\" content=\"https:\/\/bravamadrid.com\/en\/line-up\/\" \/>\n<meta property=\"og:site_name\" content=\"Brava Madrid\" \/>\n<meta property=\"article:modified_time\" content=\"2024-01-16T16:31:04+00:00\" \/>\n<meta name=\"twitter:card\" content=\"summary_large_image\" \/>\n<script type=\"application\/ld+json\" class=\"yoast-schema-graph\">{\"@context\":\"https:\\\/\\\/schema.org\",\"@graph\":[{\"@type\":\"WebPage\",\"@id\":\"https:\\\/\\\/bravamadrid.com\\\/en\\\/line-up\\\/\",\"url\":\"https:\\\/\\\/bravamadrid.com\\\/en\\\/line-up\\\/\",\"name\":\"Line Up - Brava Madrid\",\"isPartOf\":{\"@id\":\"https:\\\/\\\/bravamadrid.com\\\/#website\"},\"datePublished\":\"2023-05-04T11:20:23+00:00\",\"dateModified\":\"2024-01-16T16:31:04+00:00\",\"breadcrumb\":{\"@id\":\"https:\\\/\\\/bravamadrid.com\\\/en\\\/line-up\\\/#breadcrumb\"},\"inLanguage\":\"en-US\",\"potentialAction\":[{\"@type\":\"ReadAction\",\"target\":[\"https:\\\/\\\/bravamadrid.com\\\/en\\\/line-up\\\/\"]}]},{\"@type\":\"BreadcrumbList\",\"@id\":\"https:\\\/\\\/bravamadrid.com\\\/en\\\/line-up\\\/#breadcrumb\",\"itemListElement\":[{\"@type\":\"ListItem\",\"position\":1,\"name\":\"Portada\",\"item\":\"https:\\\/\\\/bravamadrid.com\\\/\"},{\"@type\":\"ListItem\",\"position\":2,\"name\":\"Line Up\"}]},{\"@type\":\"WebSite\",\"@id\":\"https:\\\/\\\/bravamadrid.com\\\/#website\",\"url\":\"https:\\\/\\\/bravamadrid.com\\\/\",\"name\":\"Brava Madrid\",\"description\":\"Madrid se pone Brava\",\"publisher\":{\"@id\":\"https:\\\/\\\/bravamadrid.com\\\/#organization\"},\"potentialAction\":[{\"@type\":\"SearchAction\",\"target\":{\"@type\":\"EntryPoint\",\"urlTemplate\":\"https:\\\/\\\/bravamadrid.com\\\/?s={search_term_string}\"},\"query-input\":{\"@type\":\"PropertyValueSpecification\",\"valueRequired\":true,\"valueName\":\"search_term_string\"}}],\"inLanguage\":\"en-US\"},{\"@type\":\"Organization\",\"@id\":\"https:\\\/\\\/bravamadrid.com\\\/#organization\",\"name\":\"Brava Madrid\",\"url\":\"https:\\\/\\\/bravamadrid.com\\\/\",\"logo\":{\"@type\":\"ImageObject\",\"inLanguage\":\"en-US\",\"@id\":\"https:\\\/\\\/bravamadrid.com\\\/#\\\/schema\\\/logo\\\/image\\\/\",\"url\":\"https:\\\/\\\/bravamadrid.com\\\/wp-content\\\/uploads\\\/2022\\\/11\\\/Bravagif-1.gif\",\"contentUrl\":\"https:\\\/\\\/bravamadrid.com\\\/wp-content\\\/uploads\\\/2022\\\/11\\\/Bravagif-1.gif\",\"width\":1500,\"height\":900,\"caption\":\"Brava Madrid\"},\"image\":{\"@id\":\"https:\\\/\\\/bravamadrid.com\\\/#\\\/schema\\\/logo\\\/image\\\/\"}}]}<\/script>\n<!-- \/ Yoast SEO plugin. -->","yoast_head_json":{"title":"Line Up - Brava Madrid","robots":{"index":"index","follow":"follow","max-snippet":"max-snippet:-1","max-image-preview":"max-image-preview:large","max-video-preview":"max-video-preview:-1"},"canonical":"https:\/\/bravamadrid.com\/en\/line-up\/","og_locale":"en_US","og_type":"article","og_title":"Line Up - Brava Madrid","og_description":"MIKA SUGABABES MELANIE C SHANGELA LOREEN NATASHA BEDINGFIELD LOLAHOL OJETE CALOR BEL\u00c9N AGUILERA BRESH SAMANTHA HUDSON LADILLA RUSA LUNA KI SAMURA\u00cf JIMENA AMARILLO VICCO MAR\u00cdA ESCARMIENTO MARTA SANGO FUSA NOCTA SOFIA MART\u00cdN SUPREMME DE LUXE LA PROHIBIDA &#038; ALGORA YENESI VANIA VAINILLA NAWI FUTURACHICAPOP LUC LOREN IN\u00c9S HERNAND SURI ANA JULIETA LUCERAL BLONDEX CLAUDIA LEON [&hellip;]","og_url":"https:\/\/bravamadrid.com\/en\/line-up\/","og_site_name":"Brava Madrid","article_modified_time":"2024-01-16T16:31:04+00:00","twitter_card":"summary_large_image","schema":{"@context":"https:\/\/schema.org","@graph":[{"@type":"WebPage","@id":"https:\/\/bravamadrid.com\/en\/line-up\/","url":"https:\/\/bravamadrid.com\/en\/line-up\/","name":"Line Up - Brava Madrid","isPartOf":{"@id":"https:\/\/bravamadrid.com\/#website"},"datePublished":"2023-05-04T11:20:23+00:00","dateModified":"2024-01-16T16:31:04+00:00","breadcrumb":{"@id":"https:\/\/bravamadrid.com\/en\/line-up\/#breadcrumb"},"inLanguage":"en-US","potentialAction":[{"@type":"ReadAction","target":["https:\/\/bravamadrid.com\/en\/line-up\/"]}]},{"@type":"BreadcrumbList","@id":"https:\/\/bravamadrid.com\/en\/line-up\/#breadcrumb","itemListElement":[{"@type":"ListItem","position":1,"name":"Portada","item":"https:\/\/bravamadrid.com\/"},{"@type":"ListItem","position":2,"name":"Line Up"}]},{"@type":"WebSite","@id":"https:\/\/bravamadrid.com\/#website","url":"https:\/\/bravamadrid.com\/","name":"Brava Madrid","description":"Madrid se pone Brava","publisher":{"@id":"https:\/\/bravamadrid.com\/#organization"},"potentialAction":[{"@type":"SearchAction","target":{"@type":"EntryPoint","urlTemplate":"https:\/\/bravamadrid.com\/?s={search_term_string}"},"query-input":{"@type":"PropertyValueSpecification","valueRequired":true,"valueName":"search_term_string"}}],"inLanguage":"en-US"},{"@type":"Organization","@id":"https:\/\/bravamadrid.com\/#organization","name":"Brava Madrid","url":"https:\/\/bravamadrid.com\/","logo":{"@type":"ImageObject","inLanguage":"en-US","@id":"https:\/\/bravamadrid.com\/#\/schema\/logo\/image\/","url":"https:\/\/bravamadrid.com\/wp-content\/uploads\/2022\/11\/Bravagif-1.gif","contentUrl":"https:\/\/bravamadrid.com\/wp-content\/uploads\/2022\/11\/Bravagif-1.gif","width":1500,"height":900,"caption":"Brava Madrid"},"image":{"@id":"https:\/\/bravamadrid.com\/#\/schema\/logo\/image\/"}}]}},"_links":{"self":[{"href":"https:\/\/bravamadrid.com\/en\/wp-json\/wp\/v2\/pages\/1650","targetHints":{"allow":["GET"]}}],"collection":[{"href":"https:\/\/bravamadrid.com\/en\/wp-json\/wp\/v2\/pages"}],"about":[{"href":"https:\/\/bravamadrid.com\/en\/wp-json\/wp\/v2\/types\/page"}],"author":[{"embeddable":true,"href":"https:\/\/bravamadrid.com\/en\/wp-json\/wp\/v2\/users\/9"}],"replies":[{"embeddable":true,"href":"https:\/\/bravamadrid.com\/en\/wp-json\/wp\/v2\/comments?post=1650"}],"version-history":[{"count":6,"href":"https:\/\/bravamadrid.com\/en\/wp-json\/wp\/v2\/pages\/1650\/revisions"}],"predecessor-version":[{"id":3216,"href":"https:\/\/bravamadrid.com\/en\/wp-json\/wp\/v2\/pages\/1650\/revisions\/3216"}],"wp:attachment":[{"href":"https:\/\/bravamadrid.com\/en\/wp-json\/wp\/v2\/media?parent=1650"}],"curies":[{"name":"wp","href":"https:\/\/api.w.org\/{rel}","templated":true}]}}